{"id":64,"date":"2026-02-09T19:24:50","date_gmt":"2026-02-09T16:24:50","guid":{"rendered":"https:\/\/arabaci.org\/search-home\/"},"modified":"2026-02-09T19:24:50","modified_gmt":"2026-02-09T16:24:50","slug":"search-home","status":"publish","type":"page","link":"https:\/\/arabaci.org\/en\/search-home\/","title":{"rendered":"Search Home"},"content":{"rendered":"<div class=\"directorist-search-contents directorist-contents-wrap\" data-atts=\"{&quot;show_title_subtitle&quot;:&quot;yes&quot;,&quot;search_bar_title&quot;:&quot;Buraya yaz&quot;,&quot;search_bar_sub_title&quot;:&quot;Araman\\u0131za en uygun e\\u015fle\\u015fmeyi bulun&quot;,&quot;search_button&quot;:&quot;yes&quot;,&quot;search_button_text&quot;:&quot;Arama listesi&quot;,&quot;more_filters_button&quot;:&quot;yes&quot;,&quot;more_filters_text&quot;:&quot;Daha fazla filtre&quot;,&quot;reset_filters_button&quot;:&quot;yes&quot;,&quot;apply_filters_button&quot;:&quot;yes&quot;,&quot;reset_filters_text&quot;:&quot;Filtreleri s\\u0131f\\u0131rla&quot;,&quot;apply_filters_text&quot;:&quot;Filtreyi uygula&quot;,&quot;logged_in_user_only&quot;:&quot;&quot;,&quot;redirect_page_url&quot;:&quot;&quot;,&quot;more_filters_display&quot;:&quot;sliding&quot;,&quot;directory_type&quot;:&quot;&quot;,&quot;default_directory_type&quot;:&quot;&quot;,&quot;show_popular_category&quot;:&quot;yes&quot;}\">\n\n    <div class=\"directorist-container-fluid\">\n\n        \n        \n            <div class=\"directorist-search-top\">\n\n                                    <h2 class=\"directorist-search-top__title\">Buraya yaz<\/h2>\n                \n                                    <p class=\"directorist-search-top__subtitle\">Araman\u0131za en uygun e\u015fle\u015fmeyi bulun<\/p>\n                \n            <\/div>\n\n        \n        <form action=\"https:\/\/arabaci.org\/en\/arama-sonucu\/\" class=\"directorist-search-form\" data-atts=\"{&quot;show_title_subtitle&quot;:&quot;yes&quot;,&quot;search_bar_title&quot;:&quot;Buraya yaz&quot;,&quot;search_bar_sub_title&quot;:&quot;Araman\\u0131za en uygun e\\u015fle\\u015fmeyi bulun&quot;,&quot;search_button&quot;:&quot;yes&quot;,&quot;search_button_text&quot;:&quot;Arama listesi&quot;,&quot;more_filters_button&quot;:&quot;yes&quot;,&quot;more_filters_text&quot;:&quot;Daha fazla filtre&quot;,&quot;reset_filters_button&quot;:&quot;yes&quot;,&quot;apply_filters_button&quot;:&quot;yes&quot;,&quot;reset_filters_text&quot;:&quot;Filtreleri s\\u0131f\\u0131rla&quot;,&quot;apply_filters_text&quot;:&quot;Filtreyi uygula&quot;,&quot;logged_in_user_only&quot;:&quot;&quot;,&quot;redirect_page_url&quot;:&quot;&quot;,&quot;more_filters_display&quot;:&quot;sliding&quot;,&quot;directory_type&quot;:&quot;&quot;,&quot;default_directory_type&quot;:&quot;&quot;,&quot;show_popular_category&quot;:&quot;yes&quot;}\" data-trp-original-action=\"https:\/\/arabaci.org\/en\/arama-sonucu\/\">\n\n            <div class=\"directorist-search-form-wrap directorist-search-form__wrap directorist-with-search-border\">\n\n                \n                <input type=\"hidden\" name=\"directory_type\" class=\"listing_type\" value=\"2-el-rehberi\">\n\n                \n<div class=\"directorist-search-form__box\">\n\n    <div class=\"directorist-search-form-top directorist-flex directorist-align-center directorist-search-form-inline directorist-search-form__top\">\n        \n<div class=\"directorist-search-adv-filter directorist-advanced-filter\">\n    \n                    \n<div class=\"directorist-search-field directorist-form-group directorist-search-query\">\n\n            <label class=\"directorist-search-field__label\" for=\"\">Ne ar\u0131yorsunuz?<\/label>\n    \n    <input class=\"directorist-form-element directorist-search-field__input\" id=\"\" type=\"text\" name=\"q\" value=\"\/en\/wp-json\/wp\/v2\/pages\/64\" placeholder=\"\" >\n\n    <div class=\"directorist-search-field__btn directorist-search-field__btn--clear\">\n        <i class=\"directorist-icon-mask\" aria-hidden=\"true\" style=\"--directorist-icon: url(https:\/\/arabaci.org\/wp-content\/plugins\/directorist\/assets\/icons\/font-awesome\/svgs\/solid\/times-circle.svg)\"><\/i>    <\/div>\n\n<\/div>                \n    <\/div>    <\/div>\n\n    \n<div class=\"directorist-search-form-action\">\n\n    \n        <div class=\"directorist-search-form-action__filter\">\n            <a href=\"#\" class=\"directorist-btn directorist-btn-lg directorist-filter-btn directorist-modal-btn directorist-modal-btn--advanced\">\n                                    <i class=\"directorist-icon-mask\" aria-hidden=\"true\" style=\"--directorist-icon: url(https:\/\/arabaci.org\/wp-content\/plugins\/directorist\/assets\/icons\/font-awesome\/svgs\/solid\/filter.svg)\"><\/i>                \n                Daha fazla filtre            <\/a>\n        <\/div>\n\n    \n    \n        <div class=\"directorist-search-form-action__submit\">\n            <button type=\"submit\" class=\"directorist-btn directorist-btn-lg directorist-btn-primary directorist-btn-search\">\n\n                                    <i class=\"directorist-icon-mask\" aria-hidden=\"true\" style=\"--directorist-icon: url(https:\/\/arabaci.org\/wp-content\/plugins\/directorist\/assets\/icons\/line-awesome\/svgs\/search-solid.svg)\"><\/i>                \n                Arama listesi\n            <\/button>\n        <\/div>\n\n    \n<\/div>\n<\/div>\n\n<div class=\"directorist-search-modal directorist-search-modal--advanced\">\n    \n<div class=\"directorist-search-modal__overlay\"><\/div>\n<div class=\"directorist-search-adv-filter directorist-advanced-filter directorist-search-modal__contents\">\n    <div class=\"directorist-search-modal__contents__header\">\n        <h3 class=\"directorist-search-modal__contents__title\">More Filters<\/h3>\n        <button class=\"directorist-search-modal__contents__btn directorist-search-modal__contents__btn--close\"><i class=\"directorist-icon-mask\" aria-hidden=\"true\" style=\"--directorist-icon: url(https:\/\/arabaci.org\/wp-content\/plugins\/directorist\/assets\/icons\/font-awesome\/svgs\/solid\/times.svg)\"><\/i><\/button>\n        <span class=\"directorist-search-modal__minimizer\"><\/span>\n    <\/div>\n    <div class=\"directorist-search-modal__contents__body\">\n                        <div class=\"directorist-advanced-filter__advanced__element directorist-search-field-review\">\n                    \n<div class=\"directorist-search-field directorist-search-field-review directorist-search-form-dropdown directorist-form-group\">\n    <div class=\"directorist-search-basic-dropdown directorist-search-field__input\">\n\n                    <label class=\"directorist-search-field__label directorist-search-basic-dropdown-label\">\n                <span class=\"directorist-search-basic-dropdown-selected-prefix\"><\/span>\n                G\u00f6zden ge\u00e7ir                <span class=\"directorist-search-basic-dropdown-selected-count\"><\/span>\n                <i class=\"directorist-icon-mask\" aria-hidden=\"true\" style=\"--directorist-icon: url(https:\/\/arabaci.org\/wp-content\/plugins\/directorist\/assets\/icons\/font-awesome\/svgs\/solid\/chevron-down.svg)\"><\/i> \n            <\/label>\n                <div class=\"directorist-search-basic-dropdown-content\">\n            <div class=\"directorist-search-review directorist-flex\">\n                <div class=\"directorist-checkbox directorist-checkbox-rating\">\n                                            <input type=\"checkbox\" name=\"search_by_rating[]\" value=\"5\" id=\"5_2243464742\" >\n                        <label for=\"5_2243464742\" class=\"directorist-checkbox__label\">\n                            <i class=\"directorist-icon-mask star-empty\" aria-hidden=\"true\" style=\"--directorist-icon: url(https:\/\/arabaci.org\/wp-content\/plugins\/directorist\/assets\/icons\/font-awesome\/svgs\/solid\/star.svg)\"><\/i><i class=\"directorist-icon-mask star-empty\" aria-hidden=\"true\" style=\"--directorist-icon: url(https:\/\/arabaci.org\/wp-content\/plugins\/directorist\/assets\/icons\/font-awesome\/svgs\/solid\/star.svg)\"><\/i><i class=\"directorist-icon-mask star-empty\" aria-hidden=\"true\" style=\"--directorist-icon: url(https:\/\/arabaci.org\/wp-content\/plugins\/directorist\/assets\/icons\/font-awesome\/svgs\/solid\/star.svg)\"><\/i><i class=\"directorist-icon-mask star-empty\" aria-hidden=\"true\" style=\"--directorist-icon: url(https:\/\/arabaci.org\/wp-content\/plugins\/directorist\/assets\/icons\/font-awesome\/svgs\/solid\/star.svg)\"><\/i><i class=\"directorist-icon-mask star-empty\" aria-hidden=\"true\" style=\"--directorist-icon: url(https:\/\/arabaci.org\/wp-content\/plugins\/directorist\/assets\/icons\/font-awesome\/svgs\/solid\/star.svg)\"><\/i>                        <\/label>\n                                            <input type=\"checkbox\" name=\"search_by_rating[]\" value=\"4\" id=\"4_2838899002\" >\n                        <label for=\"4_2838899002\" class=\"directorist-checkbox__label\">\n                            <i class=\"directorist-icon-mask star-empty\" aria-hidden=\"true\" style=\"--directorist-icon: url(https:\/\/arabaci.org\/wp-content\/plugins\/directorist\/assets\/icons\/font-awesome\/svgs\/solid\/star.svg)\"><\/i><i class=\"directorist-icon-mask star-empty\" aria-hidden=\"true\" style=\"--directorist-icon: url(https:\/\/arabaci.org\/wp-content\/plugins\/directorist\/assets\/icons\/font-awesome\/svgs\/solid\/star.svg)\"><\/i><i class=\"directorist-icon-mask star-empty\" aria-hidden=\"true\" style=\"--directorist-icon: url(https:\/\/arabaci.org\/wp-content\/plugins\/directorist\/assets\/icons\/font-awesome\/svgs\/solid\/star.svg)\"><\/i><i class=\"directorist-icon-mask star-empty\" aria-hidden=\"true\" style=\"--directorist-icon: url(https:\/\/arabaci.org\/wp-content\/plugins\/directorist\/assets\/icons\/font-awesome\/svgs\/solid\/star.svg)\"><\/i><i class=\"directorist-icon-mask star-empty\" aria-hidden=\"true\" style=\"--directorist-icon: url(https:\/\/arabaci.org\/wp-content\/plugins\/directorist\/assets\/icons\/font-awesome\/svgs\/solid\/star.svg)\"><\/i>                        <\/label>\n                                            <input type=\"checkbox\" name=\"search_by_rating[]\" value=\"3\" id=\"3_3412902839\" >\n                        <label for=\"3_3412902839\" class=\"directorist-checkbox__label\">\n                            <i class=\"directorist-icon-mask star-empty\" aria-hidden=\"true\" style=\"--directorist-icon: url(https:\/\/arabaci.org\/wp-content\/plugins\/directorist\/assets\/icons\/font-awesome\/svgs\/solid\/star.svg)\"><\/i><i class=\"directorist-icon-mask star-empty\" aria-hidden=\"true\" style=\"--directorist-icon: url(https:\/\/arabaci.org\/wp-content\/plugins\/directorist\/assets\/icons\/font-awesome\/svgs\/solid\/star.svg)\"><\/i><i class=\"directorist-icon-mask star-empty\" aria-hidden=\"true\" style=\"--directorist-icon: url(https:\/\/arabaci.org\/wp-content\/plugins\/directorist\/assets\/icons\/font-awesome\/svgs\/solid\/star.svg)\"><\/i><i class=\"directorist-icon-mask star-empty\" aria-hidden=\"true\" style=\"--directorist-icon: url(https:\/\/arabaci.org\/wp-content\/plugins\/directorist\/assets\/icons\/font-awesome\/svgs\/solid\/star.svg)\"><\/i><i class=\"directorist-icon-mask star-empty\" aria-hidden=\"true\" style=\"--directorist-icon: url(https:\/\/arabaci.org\/wp-content\/plugins\/directorist\/assets\/icons\/font-awesome\/svgs\/solid\/star.svg)\"><\/i>                        <\/label>\n                                            <input type=\"checkbox\" name=\"search_by_rating[]\" value=\"2\" id=\"2_470816382\" >\n                        <label for=\"2_470816382\" class=\"directorist-checkbox__label\">\n                            <i class=\"directorist-icon-mask star-empty\" aria-hidden=\"true\" style=\"--directorist-icon: url(https:\/\/arabaci.org\/wp-content\/plugins\/directorist\/assets\/icons\/font-awesome\/svgs\/solid\/star.svg)\"><\/i><i class=\"directorist-icon-mask star-empty\" aria-hidden=\"true\" style=\"--directorist-icon: url(https:\/\/arabaci.org\/wp-content\/plugins\/directorist\/assets\/icons\/font-awesome\/svgs\/solid\/star.svg)\"><\/i><i class=\"directorist-icon-mask star-empty\" aria-hidden=\"true\" style=\"--directorist-icon: url(https:\/\/arabaci.org\/wp-content\/plugins\/directorist\/assets\/icons\/font-awesome\/svgs\/solid\/star.svg)\"><\/i><i class=\"directorist-icon-mask star-empty\" aria-hidden=\"true\" style=\"--directorist-icon: url(https:\/\/arabaci.org\/wp-content\/plugins\/directorist\/assets\/icons\/font-awesome\/svgs\/solid\/star.svg)\"><\/i><i class=\"directorist-icon-mask star-empty\" aria-hidden=\"true\" style=\"--directorist-icon: url(https:\/\/arabaci.org\/wp-content\/plugins\/directorist\/assets\/icons\/font-awesome\/svgs\/solid\/star.svg)\"><\/i>                        <\/label>\n                                            <input type=\"checkbox\" name=\"search_by_rating[]\" value=\"1\" id=\"1_1401702065\" >\n                        <label for=\"1_1401702065\" class=\"directorist-checkbox__label\">\n                            <i class=\"directorist-icon-mask star-empty\" aria-hidden=\"true\" style=\"--directorist-icon: url(https:\/\/arabaci.org\/wp-content\/plugins\/directorist\/assets\/icons\/font-awesome\/svgs\/solid\/star.svg)\"><\/i><i class=\"directorist-icon-mask star-empty\" aria-hidden=\"true\" style=\"--directorist-icon: url(https:\/\/arabaci.org\/wp-content\/plugins\/directorist\/assets\/icons\/font-awesome\/svgs\/solid\/star.svg)\"><\/i><i class=\"directorist-icon-mask star-empty\" aria-hidden=\"true\" style=\"--directorist-icon: url(https:\/\/arabaci.org\/wp-content\/plugins\/directorist\/assets\/icons\/font-awesome\/svgs\/solid\/star.svg)\"><\/i><i class=\"directorist-icon-mask star-empty\" aria-hidden=\"true\" style=\"--directorist-icon: url(https:\/\/arabaci.org\/wp-content\/plugins\/directorist\/assets\/icons\/font-awesome\/svgs\/solid\/star.svg)\"><\/i><i class=\"directorist-icon-mask star-empty\" aria-hidden=\"true\" style=\"--directorist-icon: url(https:\/\/arabaci.org\/wp-content\/plugins\/directorist\/assets\/icons\/font-awesome\/svgs\/solid\/star.svg)\"><\/i>                        <\/label>\n                                    <\/div>\n            <\/div>\n        <\/div>\n    <\/div>\n    <div class=\"directorist-search-field__btn directorist-search-field__btn--clear\">\n        <i class=\"directorist-icon-mask\" aria-hidden=\"true\" style=\"--directorist-icon: url(https:\/\/arabaci.org\/wp-content\/plugins\/directorist\/assets\/icons\/font-awesome\/svgs\/solid\/times-circle.svg)\"><\/i> \n    <\/div>\n<\/div>                <\/div>\n                            <div class=\"directorist-advanced-filter__advanced__element directorist-search-field-radius_search\">\n                    \n<div class=\"directorist-search-field directorist-form-group directorist-search-field-radius_search\">\n            <label class=\"directorist-search-field__label\">\u00d6n arama<\/label>\n        <div class=\"directorist-custom-range-slider\">\n        <div class=\"directorist-custom-range-slider__range__wrap\">\n            <span class=\"directorist-custom-range-slider__range__show\"><\/span>\n            <span>Miles<\/span>\n        <\/div>\n        <div class=\"directorist-custom-range-slider__slide\" default-value=\"0\" max-value=\"1000\" min-value=\"0\"><\/div>\n        <div class=\"directorist-custom-range-slider__wrap\">\n            <input type=\"hidden\" name=\"radius-search-based-on\" value=\"address\" class=\"directorist-radius_search_based_on\">\n            <input type=\"hidden\" placeholder=\"Min\" value=\"0\" class=\"directorist-custom-range-slider__radius directorist-custom-range-slider__value__min\">\n            <input type=\"hidden\" placeholder=\"Max\" value=\"1000\" class=\"directorist-custom-range-slider__radius directorist-custom-range-slider__value__max\">\n            <input type=\"hidden\" name=\"miles\" class=\"directorist-custom-range-slider__range\" value=\"0-1000\">\n        <\/div>\n    <\/div>\n\n<\/div>                <\/div>\n                <\/div>\n    <div class=\"directorist-search-modal__contents__footer\">\n        \n<div class=\"directorist-advanced-filter__action directorist-flex directorist-align-center directorist-justify-content-between flex-wrap\">\n\n            <button type=\"submit\" class=\"directorist-btn directorist-btn-sm directorist-btn-submit\">Filtreyi uygula<\/button>\n    \n            <button type=\"submit\" class=\"directorist-btn-reset-js\">Filtreleri s\u0131f\u0131rla<\/button>\n    \n<\/div>    <\/div>\n<\/div>\n<\/div>\n            <\/div>\n\n        <input type=\"hidden\" name=\"trp-form-language\" value=\"en\"\/><\/form>\n\n        \n        \n<div class=\"directorist-listing-category-top\">\n\n    <h3>Pop\u00fcler Kategorilerde Ara<\/h3>\n\n    <ul>\n        \n            <li>\n                <a href=\"https:\/\/arabaci.org\/en\/single-category\/hatchback\/\">\n                                        He\u00e7bek (Hatchback)                <\/a>\n            <\/li>\n\n            <\/ul>\n\n<\/div>\n    <\/div>\n\n<\/div>","protected":false},"excerpt":{"rendered":"","protected":false},"author":1,"featured_media":0,"parent":0,"menu_order":0,"comment_status":"closed","ping_status":"closed","template":"","meta":{"footnotes":""},"class_list":["post-64","page","type-page","status-publish","hentry"],"_links":{"self":[{"href":"https:\/\/arabaci.org\/en\/wp-json\/wp\/v2\/pages\/64","targetHints":{"allow":["GET"]}}],"collection":[{"href":"https:\/\/arabaci.org\/en\/wp-json\/wp\/v2\/pages"}],"about":[{"href":"https:\/\/arabaci.org\/en\/wp-json\/wp\/v2\/types\/page"}],"author":[{"embeddable":true,"href":"https:\/\/arabaci.org\/en\/wp-json\/wp\/v2\/users\/1"}],"replies":[{"embeddable":true,"href":"https:\/\/arabaci.org\/en\/wp-json\/wp\/v2\/comments?post=64"}],"version-history":[{"count":0,"href":"https:\/\/arabaci.org\/en\/wp-json\/wp\/v2\/pages\/64\/revisions"}],"wp:attachment":[{"href":"https:\/\/arabaci.org\/en\/wp-json\/wp\/v2\/media?parent=64"}],"curies":[{"name":"wp","href":"https:\/\/api.w.org\/{rel}","templated":true}]}}